{"id":19,"date":"2014-06-12T14:46:45","date_gmt":"2014-06-12T13:46:45","guid":{"rendered":"https:\/\/zeminvest.cz\/?page_id=19"},"modified":"2014-06-12T14:46:45","modified_gmt":"2014-06-12T13:46:45","slug":"vyroba","status":"publish","type":"page","link":"https:\/\/zeminvest.cz\/?page_id=19","title":{"rendered":"V\u00fdroba"},"content":{"rendered":"<h2>Rostlinn\u00e1 v\u00fdroba<\/h2>\n<ul>\n<li>1000 ha obiloviny<\/li>\n<li>300 ha ozim\u00e1 \u0159epka<\/li>\n<li>100 ha chmele<\/li>\n<li>300 ha krmn\u00e9 plodiny<\/li>\n<\/ul>\n<p>&nbsp;<\/p>\n<h2>\u017divo\u010di\u0161n\u00e1 v\u00fdroba<\/h2>\n<ul>\n<li>v\u00fdkrm skotu<\/li>\n<\/ul>\n","protected":false},"excerpt":{"rendered":"<p>Rostlinn\u00e1 v\u00fdroba 1000 ha obiloviny 300 ha ozim\u00e1 \u0159epka 100 ha chmele 300 ha krmn\u00e9 plodiny &nbsp; \u017divo\u010di\u0161n\u00e1 v\u00fdroba v\u00fdkrm skotu<\/p>\n","protected":false},"author":1,"featured_media":0,"parent":0,"menu_order":0,"comment_status":"open","ping_status":"open","template":"","meta":{"footnotes":""},"class_list":["post-19","page","type-page","status-publish","hentry"],"yoast_head":"<!-- This site is optimized with the Yoast SEO plugin v27.2 - https:\/\/yoast.com\/product\/yoast-seo-wordpress\/ -->\n<title>V\u00fdroba - Zeminvest a.s.<\/title>\n<meta name=\"robots\" content=\"index, follow, max-snippet:-1, max-image-preview:large, max-video-preview:-1\" \/>\n<link rel=\"canonical\" href=\"https:\/\/zeminvest.cz\/?page_id=19\" \/>\n<meta property=\"og:locale\" content=\"cs_CZ\" \/>\n<meta property=\"og:type\" content=\"article\" \/>\n<meta property=\"og:title\" content=\"V\u00fdroba - Zeminvest a.s.\" \/>\n<meta property=\"og:description\" content=\"Rostlinn\u00e1 v\u00fdroba 1000 ha obiloviny 300 ha ozim\u00e1 \u0159epka 100 ha chmele 300 ha krmn\u00e9 plodiny &nbsp; \u017divo\u010di\u0161n\u00e1 v\u00fdroba v\u00fdkrm skotu\" \/>\n<meta property=\"og:url\" content=\"https:\/\/zeminvest.cz\/?page_id=19\" \/>\n<meta property=\"og:site_name\" content=\"Zeminvest a.s.\" \/>\n<meta name=\"twitter:card\" content=\"summary_large_image\" \/>\n<script type=\"application\/ld+json\" class=\"yoast-schema-graph\">{\"@context\":\"https:\/\/schema.org\",\"@graph\":[{\"@type\":\"WebPage\",\"@id\":\"https:\/\/zeminvest.cz\/?page_id=19\",\"url\":\"https:\/\/zeminvest.cz\/?page_id=19\",\"name\":\"V\u00fdroba - Zeminvest a.s.\",\"isPartOf\":{\"@id\":\"https:\/\/zeminvest.cz\/#website\"},\"datePublished\":\"2014-06-12T13:46:45+00:00\",\"breadcrumb\":{\"@id\":\"https:\/\/zeminvest.cz\/?page_id=19#breadcrumb\"},\"inLanguage\":\"cs\",\"potentialAction\":[{\"@type\":\"ReadAction\",\"target\":[\"https:\/\/zeminvest.cz\/?page_id=19\"]}]},{\"@type\":\"BreadcrumbList\",\"@id\":\"https:\/\/zeminvest.cz\/?page_id=19#breadcrumb\",\"itemListElement\":[{\"@type\":\"ListItem\",\"position\":1,\"name\":\"Dom\u016f\",\"item\":\"https:\/\/zeminvest.cz\/\"},{\"@type\":\"ListItem\",\"position\":2,\"name\":\"V\u00fdroba\"}]},{\"@type\":\"WebSite\",\"@id\":\"https:\/\/zeminvest.cz\/#website\",\"url\":\"https:\/\/zeminvest.cz\/\",\"name\":\"Zeminvest a.s.\",\"description\":\"\",\"potentialAction\":[{\"@type\":\"SearchAction\",\"target\":{\"@type\":\"EntryPoint\",\"urlTemplate\":\"https:\/\/zeminvest.cz\/?s={search_term_string}\"},\"query-input\":{\"@type\":\"PropertyValueSpecification\",\"valueRequired\":true,\"valueName\":\"search_term_string\"}}],\"inLanguage\":\"cs\"}]}<\/script>\n<!-- \/ Yoast SEO plugin. -->","yoast_head_json":{"title":"V\u00fdroba - Zeminvest a.s.","robots":{"index":"index","follow":"follow","max-snippet":"max-snippet:-1","max-image-preview":"max-image-preview:large","max-video-preview":"max-video-preview:-1"},"canonical":"https:\/\/zeminvest.cz\/?page_id=19","og_locale":"cs_CZ","og_type":"article","og_title":"V\u00fdroba - Zeminvest a.s.","og_description":"Rostlinn\u00e1 v\u00fdroba 1000 ha obiloviny 300 ha ozim\u00e1 \u0159epka 100 ha chmele 300 ha krmn\u00e9 plodiny &nbsp; \u017divo\u010di\u0161n\u00e1 v\u00fdroba v\u00fdkrm skotu","og_url":"https:\/\/zeminvest.cz\/?page_id=19","og_site_name":"Zeminvest a.s.","twitter_card":"summary_large_image","schema":{"@context":"https:\/\/schema.org","@graph":[{"@type":"WebPage","@id":"https:\/\/zeminvest.cz\/?page_id=19","url":"https:\/\/zeminvest.cz\/?page_id=19","name":"V\u00fdroba - Zeminvest a.s.","isPartOf":{"@id":"https:\/\/zeminvest.cz\/#website"},"datePublished":"2014-06-12T13:46:45+00:00","breadcrumb":{"@id":"https:\/\/zeminvest.cz\/?page_id=19#breadcrumb"},"inLanguage":"cs","potentialAction":[{"@type":"ReadAction","target":["https:\/\/zeminvest.cz\/?page_id=19"]}]},{"@type":"BreadcrumbList","@id":"https:\/\/zeminvest.cz\/?page_id=19#breadcrumb","itemListElement":[{"@type":"ListItem","position":1,"name":"Dom\u016f","item":"https:\/\/zeminvest.cz\/"},{"@type":"ListItem","position":2,"name":"V\u00fdroba"}]},{"@type":"WebSite","@id":"https:\/\/zeminvest.cz\/#website","url":"https:\/\/zeminvest.cz\/","name":"Zeminvest a.s.","description":"","potentialAction":[{"@type":"SearchAction","target":{"@type":"EntryPoint","urlTemplate":"https:\/\/zeminvest.cz\/?s={search_term_string}"},"query-input":{"@type":"PropertyValueSpecification","valueRequired":true,"valueName":"search_term_string"}}],"inLanguage":"cs"}]}},"_links":{"self":[{"href":"https:\/\/zeminvest.cz\/index.php?rest_route=\/wp\/v2\/pages\/19","targetHints":{"allow":["GET"]}}],"collection":[{"href":"https:\/\/zeminvest.cz\/index.php?rest_route=\/wp\/v2\/pages"}],"about":[{"href":"https:\/\/zeminvest.cz\/index.php?rest_route=\/wp\/v2\/types\/page"}],"author":[{"embeddable":true,"href":"https:\/\/zeminvest.cz\/index.php?rest_route=\/wp\/v2\/users\/1"}],"replies":[{"embeddable":true,"href":"https:\/\/zeminvest.cz\/index.php?rest_route=%2Fwp%2Fv2%2Fcomments&post=19"}],"version-history":[{"count":0,"href":"https:\/\/zeminvest.cz\/index.php?rest_route=\/wp\/v2\/pages\/19\/revisions"}],"wp:attachment":[{"href":"https:\/\/zeminvest.cz\/index.php?rest_route=%2Fwp%2Fv2%2Fmedia&parent=19"}],"curies":[{"name":"wp","href":"https:\/\/api.w.org\/{rel}","templated":true}]}}