{"id":7,"date":"2014-06-12T14:20:46","date_gmt":"2014-06-12T13:20:46","guid":{"rendered":"https:\/\/zeminvest.cz\/?page_id=7"},"modified":"2014-06-12T14:20:46","modified_gmt":"2014-06-12T13:20:46","slug":"o-spolecnosti","status":"publish","type":"page","link":"https:\/\/zeminvest.cz\/?page_id=7","title":{"rendered":"O spole\u010dnosti"},"content":{"rendered":"<div class=\"row\"> <div class=\"col-md-4\">\n<p><strong>Obchodn\u00ed firma:<\/strong><\/p>\n<p><strong>Spisov\u00e1 zna\u010dka:<\/strong><\/p>\n<p><strong>S\u00eddlo:<\/strong><\/p>\n<p><strong>Identifika\u010dn\u00ed \u010d\u00edslo:<\/strong><\/p>\n<p><strong>Pr\u00e1vn\u00ed forma:<\/strong><\/p>\n<p><strong>P\u0159edm\u011bt podnik\u00e1n\u00ed:<\/strong><\/p>\n<\/div><div class=\"col-md-8\">\n<p><strong>ZEM &#8211; INVEST a.s.<\/strong><\/p>\n<p>B 7521 veden\u00e1 u M\u011bstsk\u00e9ho soudu v Praze<\/p>\n<p>Kladno, Hu\u0165sk\u00e1 1350, P\u010cS 272 00<\/p>\n<p><strong>265 08 621<\/strong><\/p>\n<p>Akciov\u00e1 spole\u010dnost<\/p>\n<ul>\n<li>zem\u011bd\u011blstv\u00ed, v\u010detn\u011b prodeje nezpracovan\u00fdch zem\u011bd\u011blsk\u00fdch v\u00fdrobk\u016f za \u00fa\u010delem zpracov\u00e1n\u00ed nebo dal\u0161\u00edho prodeje<\/li>\n<\/ul>\n<ul>\n<li>v\u00fdroba, obchod a slu\u017eby neuveden\u00e9 v p\u0159\u00edloh\u00e1ch 1 a\u017e 3 \u017eivnostensk\u00e9ho z\u00e1kona<\/li>\n<\/ul>\n<ul>\n<li>silni\u010dn\u00ed motorov\u00e1 doprava &#8211; n\u00e1kladn\u00ed vnitrost\u00e1tn\u00ed provozovan\u00e1 vozidly o nejv\u011bt\u0161\u00ed povolen\u00e9 hmotnosti do 3,5 tuny v\u010detn\u011b, &#8211; n\u00e1kladn\u00ed vnitrost\u00e1tn\u00ed provozovan\u00e1 vozidly o nejv\u011bt\u0161\u00ed povolen\u00e9 hmotnosti nad 3,5 tuny, &#8211; vnitrost\u00e1tn\u00ed p\u0159\u00edle\u017eitostn\u00e1 osobn\u00ed<\/li>\n<\/ul>\n<ul>\n<li>\u010dinnost \u00fa\u010detn\u00edch poradc\u016f, veden\u00ed \u00fa\u010detnictv\u00ed, veden\u00ed da\u0148ov\u00e9 evidence<\/li>\n<\/ul>\n<p>&nbsp;<\/p>\n<\/div><\/div>\n","protected":false},"excerpt":{"rendered":"","protected":false},"author":1,"featured_media":0,"parent":0,"menu_order":0,"comment_status":"open","ping_status":"open","template":"","meta":{"footnotes":""},"class_list":["post-7","page","type-page","status-publish","hentry"],"yoast_head":"<!-- This site is optimized with the Yoast SEO plugin v27.2 - https:\/\/yoast.com\/product\/yoast-seo-wordpress\/ -->\n<title>O spole\u010dnosti - Zeminvest a.s.<\/title>\n<meta name=\"robots\" content=\"index, follow, max-snippet:-1, max-image-preview:large, max-video-preview:-1\" \/>\n<link rel=\"canonical\" href=\"https:\/\/zeminvest.cz\/?page_id=7\" \/>\n<meta property=\"og:locale\" content=\"cs_CZ\" \/>\n<meta property=\"og:type\" content=\"article\" \/>\n<meta property=\"og:title\" content=\"O spole\u010dnosti - Zeminvest a.s.\" \/>\n<meta property=\"og:url\" content=\"https:\/\/zeminvest.cz\/?page_id=7\" \/>\n<meta property=\"og:site_name\" content=\"Zeminvest a.s.\" \/>\n<meta name=\"twitter:card\" content=\"summary_large_image\" \/>\n<meta name=\"twitter:label1\" content=\"Odhadovan\u00e1 doba \u010dten\u00ed\" \/>\n\t<meta name=\"twitter:data1\" content=\"1 minuta\" \/>\n<script type=\"application\/ld+json\" class=\"yoast-schema-graph\">{\"@context\":\"https:\/\/schema.org\",\"@graph\":[{\"@type\":\"WebPage\",\"@id\":\"https:\/\/zeminvest.cz\/?page_id=7\",\"url\":\"https:\/\/zeminvest.cz\/?page_id=7\",\"name\":\"O spole\u010dnosti - Zeminvest a.s.\",\"isPartOf\":{\"@id\":\"https:\/\/zeminvest.cz\/#website\"},\"datePublished\":\"2014-06-12T13:20:46+00:00\",\"breadcrumb\":{\"@id\":\"https:\/\/zeminvest.cz\/?page_id=7#breadcrumb\"},\"inLanguage\":\"cs\",\"potentialAction\":[{\"@type\":\"ReadAction\",\"target\":[\"https:\/\/zeminvest.cz\/?page_id=7\"]}]},{\"@type\":\"BreadcrumbList\",\"@id\":\"https:\/\/zeminvest.cz\/?page_id=7#breadcrumb\",\"itemListElement\":[{\"@type\":\"ListItem\",\"position\":1,\"name\":\"Dom\u016f\",\"item\":\"https:\/\/zeminvest.cz\/\"},{\"@type\":\"ListItem\",\"position\":2,\"name\":\"O spole\u010dnosti\"}]},{\"@type\":\"WebSite\",\"@id\":\"https:\/\/zeminvest.cz\/#website\",\"url\":\"https:\/\/zeminvest.cz\/\",\"name\":\"Zeminvest a.s.\",\"description\":\"\",\"potentialAction\":[{\"@type\":\"SearchAction\",\"target\":{\"@type\":\"EntryPoint\",\"urlTemplate\":\"https:\/\/zeminvest.cz\/?s={search_term_string}\"},\"query-input\":{\"@type\":\"PropertyValueSpecification\",\"valueRequired\":true,\"valueName\":\"search_term_string\"}}],\"inLanguage\":\"cs\"}]}<\/script>\n<!-- \/ Yoast SEO plugin. -->","yoast_head_json":{"title":"O spole\u010dnosti - Zeminvest a.s.","robots":{"index":"index","follow":"follow","max-snippet":"max-snippet:-1","max-image-preview":"max-image-preview:large","max-video-preview":"max-video-preview:-1"},"canonical":"https:\/\/zeminvest.cz\/?page_id=7","og_locale":"cs_CZ","og_type":"article","og_title":"O spole\u010dnosti - Zeminvest a.s.","og_url":"https:\/\/zeminvest.cz\/?page_id=7","og_site_name":"Zeminvest a.s.","twitter_card":"summary_large_image","twitter_misc":{"Odhadovan\u00e1 doba \u010dten\u00ed":"1 minuta"},"schema":{"@context":"https:\/\/schema.org","@graph":[{"@type":"WebPage","@id":"https:\/\/zeminvest.cz\/?page_id=7","url":"https:\/\/zeminvest.cz\/?page_id=7","name":"O spole\u010dnosti - Zeminvest a.s.","isPartOf":{"@id":"https:\/\/zeminvest.cz\/#website"},"datePublished":"2014-06-12T13:20:46+00:00","breadcrumb":{"@id":"https:\/\/zeminvest.cz\/?page_id=7#breadcrumb"},"inLanguage":"cs","potentialAction":[{"@type":"ReadAction","target":["https:\/\/zeminvest.cz\/?page_id=7"]}]},{"@type":"BreadcrumbList","@id":"https:\/\/zeminvest.cz\/?page_id=7#breadcrumb","itemListElement":[{"@type":"ListItem","position":1,"name":"Dom\u016f","item":"https:\/\/zeminvest.cz\/"},{"@type":"ListItem","position":2,"name":"O spole\u010dnosti"}]},{"@type":"WebSite","@id":"https:\/\/zeminvest.cz\/#website","url":"https:\/\/zeminvest.cz\/","name":"Zeminvest a.s.","description":"","potentialAction":[{"@type":"SearchAction","target":{"@type":"EntryPoint","urlTemplate":"https:\/\/zeminvest.cz\/?s={search_term_string}"},"query-input":{"@type":"PropertyValueSpecification","valueRequired":true,"valueName":"search_term_string"}}],"inLanguage":"cs"}]}},"_links":{"self":[{"href":"https:\/\/zeminvest.cz\/index.php?rest_route=\/wp\/v2\/pages\/7","targetHints":{"allow":["GET"]}}],"collection":[{"href":"https:\/\/zeminvest.cz\/index.php?rest_route=\/wp\/v2\/pages"}],"about":[{"href":"https:\/\/zeminvest.cz\/index.php?rest_route=\/wp\/v2\/types\/page"}],"author":[{"embeddable":true,"href":"https:\/\/zeminvest.cz\/index.php?rest_route=\/wp\/v2\/users\/1"}],"replies":[{"embeddable":true,"href":"https:\/\/zeminvest.cz\/index.php?rest_route=%2Fwp%2Fv2%2Fcomments&post=7"}],"version-history":[{"count":0,"href":"https:\/\/zeminvest.cz\/index.php?rest_route=\/wp\/v2\/pages\/7\/revisions"}],"wp:attachment":[{"href":"https:\/\/zeminvest.cz\/index.php?rest_route=%2Fwp%2Fv2%2Fmedia&parent=7"}],"curies":[{"name":"wp","href":"https:\/\/api.w.org\/{rel}","templated":true}]}}