{"id":91,"date":"2014-06-12T14:21:55","date_gmt":"2014-06-12T13:21:55","guid":{"rendered":"https:\/\/zeminvest.cz\/?page_id=11"},"modified":"2014-06-12T14:21:55","modified_gmt":"2014-06-12T13:21:55","slug":"dokumenty","status":"publish","type":"page","link":"https:\/\/zeminvest.cz\/?page_id=91","title":{"rendered":"Dokumenty"},"content":{"rendered":"[table]\n<table>\n<tbody>\n<tr>\n<td>\u010c\u00edslo listiny<\/td>\n<td>Typ listiny<\/td>\n<td>Vznik listiny<\/td>\n<\/tr>\n<tr>\n<td><a href=\"https:\/\/zeminvest.cz\/wp-content\/uploads\/2014\/06\/B-7521-SL-23.pdf\" target=\"_blank\" rel=\"noopener noreferrer\">B 7521\/SL 23<\/a><\/td>\n<td>v\u00fdro\u010dn\u00ed zpr\u00e1va, zpr\u00e1va auditora, zpr\u00e1va o vztaz\u00edch dle \u00a766a ods.9, \u00fa\u010detn\u00ed z\u00e1v\u011brka\u00a0r. 2011<\/td>\n<td>31.12.2011<\/td>\n<\/tr>\n<tr>\n<td><a href=\"https:\/\/zeminvest.cz\/wp-content\/uploads\/2014\/06\/B-7521-SL-22.pdf\" target=\"_blank\" rel=\"noopener noreferrer\">B 7521\/SL 22<\/a><\/td>\n<td>v\u00fdro\u010dn\u00ed zpr\u00e1va, zpr\u00e1va auditora, zpr\u00e1va o vztaz\u00edch dle \u00a766a ods.9, \u00fa\u010detn\u00ed z\u00e1v\u011brka\u00a0r.2010<\/td>\n<td>31.12.2010<\/td>\n<\/tr>\n<tr>\n<td><a href=\"https:\/\/zeminvest.cz\/wp-content\/uploads\/2014\/06\/B-7521-SL-21.pdf\" target=\"_blank\" rel=\"noopener noreferrer\">B 7521\/SL 21<\/a><\/td>\n<td>v\u00fdro\u010dn\u00ed zpr\u00e1va, zpr\u00e1va o vztaz\u00edch dle \u00a766a ods.9, \u00fa\u010detn\u00ed z\u00e1v\u011brka\u00a0r.2009<\/td>\n<td>31.12.2009<\/td>\n<\/tr>\n<\/tbody>\n<\/table>\n[\/table]\n","protected":false},"excerpt":{"rendered":"<p>[table] \u010c\u00edslo listiny Typ listiny Vznik listiny B 7521\/SL 23 v\u00fdro\u010dn\u00ed zpr\u00e1va, zpr\u00e1va auditora, zpr\u00e1va o vztaz\u00edch dle \u00a766a ods.9, \u00fa\u010detn\u00ed z\u00e1v\u011brka\u00a0r. 2011 31.12.2011 B 7521\/SL 22 v\u00fdro\u010dn\u00ed zpr\u00e1va, zpr\u00e1va auditora, zpr\u00e1va o vztaz\u00edch dle \u00a766a ods.9, \u00fa\u010detn\u00ed z\u00e1v\u011brka\u00a0r.2010 31.12.2010 &hellip; <a href=\"https:\/\/zeminvest.cz\/?page_id=91\">Continued<\/a><\/p>\n","protected":false},"author":1,"featured_media":0,"parent":0,"menu_order":0,"comment_status":"open","ping_status":"open","template":"","meta":{"footnotes":""},"class_list":["post-91","page","type-page","status-publish","hentry"],"yoast_head":"<!-- This site is optimized with the Yoast SEO plugin v27.2 - https:\/\/yoast.com\/product\/yoast-seo-wordpress\/ -->\n<title>Dokumenty - Zeminvest a.s.<\/title>\n<meta name=\"robots\" content=\"index, follow, max-snippet:-1, max-image-preview:large, max-video-preview:-1\" \/>\n<link rel=\"canonical\" href=\"https:\/\/zeminvest.cz\/?page_id=91\" \/>\n<meta property=\"og:locale\" content=\"cs_CZ\" \/>\n<meta property=\"og:type\" content=\"article\" \/>\n<meta property=\"og:title\" content=\"Dokumenty - Zeminvest a.s.\" \/>\n<meta property=\"og:description\" content=\"[table] \u010c\u00edslo listiny Typ listiny Vznik listiny B 7521\/SL 23 v\u00fdro\u010dn\u00ed zpr\u00e1va, zpr\u00e1va auditora, zpr\u00e1va o vztaz\u00edch dle \u00a766a ods.9, \u00fa\u010detn\u00ed z\u00e1v\u011brka\u00a0r. 2011 31.12.2011 B 7521\/SL 22 v\u00fdro\u010dn\u00ed zpr\u00e1va, zpr\u00e1va auditora, zpr\u00e1va o vztaz\u00edch dle \u00a766a ods.9, \u00fa\u010detn\u00ed z\u00e1v\u011brka\u00a0r.2010 31.12.2010 &hellip; Continued\" \/>\n<meta property=\"og:url\" content=\"https:\/\/zeminvest.cz\/?page_id=91\" \/>\n<meta property=\"og:site_name\" content=\"Zeminvest a.s.\" \/>\n<meta name=\"twitter:card\" content=\"summary_large_image\" \/>\n<script type=\"application\/ld+json\" class=\"yoast-schema-graph\">{\"@context\":\"https:\/\/schema.org\",\"@graph\":[{\"@type\":\"WebPage\",\"@id\":\"https:\/\/zeminvest.cz\/?page_id=91\",\"url\":\"https:\/\/zeminvest.cz\/?page_id=91\",\"name\":\"Dokumenty - Zeminvest a.s.\",\"isPartOf\":{\"@id\":\"https:\/\/zeminvest.cz\/#website\"},\"datePublished\":\"2014-06-12T13:21:55+00:00\",\"breadcrumb\":{\"@id\":\"https:\/\/zeminvest.cz\/?page_id=91#breadcrumb\"},\"inLanguage\":\"cs\",\"potentialAction\":[{\"@type\":\"ReadAction\",\"target\":[\"https:\/\/zeminvest.cz\/?page_id=91\"]}]},{\"@type\":\"BreadcrumbList\",\"@id\":\"https:\/\/zeminvest.cz\/?page_id=91#breadcrumb\",\"itemListElement\":[{\"@type\":\"ListItem\",\"position\":1,\"name\":\"Dom\u016f\",\"item\":\"https:\/\/zeminvest.cz\/\"},{\"@type\":\"ListItem\",\"position\":2,\"name\":\"Dokumenty\"}]},{\"@type\":\"WebSite\",\"@id\":\"https:\/\/zeminvest.cz\/#website\",\"url\":\"https:\/\/zeminvest.cz\/\",\"name\":\"Zeminvest a.s.\",\"description\":\"\",\"potentialAction\":[{\"@type\":\"SearchAction\",\"target\":{\"@type\":\"EntryPoint\",\"urlTemplate\":\"https:\/\/zeminvest.cz\/?s={search_term_string}\"},\"query-input\":{\"@type\":\"PropertyValueSpecification\",\"valueRequired\":true,\"valueName\":\"search_term_string\"}}],\"inLanguage\":\"cs\"}]}<\/script>\n<!-- \/ Yoast SEO plugin. -->","yoast_head_json":{"title":"Dokumenty - Zeminvest a.s.","robots":{"index":"index","follow":"follow","max-snippet":"max-snippet:-1","max-image-preview":"max-image-preview:large","max-video-preview":"max-video-preview:-1"},"canonical":"https:\/\/zeminvest.cz\/?page_id=91","og_locale":"cs_CZ","og_type":"article","og_title":"Dokumenty - Zeminvest a.s.","og_description":"[table] \u010c\u00edslo listiny Typ listiny Vznik listiny B 7521\/SL 23 v\u00fdro\u010dn\u00ed zpr\u00e1va, zpr\u00e1va auditora, zpr\u00e1va o vztaz\u00edch dle \u00a766a ods.9, \u00fa\u010detn\u00ed z\u00e1v\u011brka\u00a0r. 2011 31.12.2011 B 7521\/SL 22 v\u00fdro\u010dn\u00ed zpr\u00e1va, zpr\u00e1va auditora, zpr\u00e1va o vztaz\u00edch dle \u00a766a ods.9, \u00fa\u010detn\u00ed z\u00e1v\u011brka\u00a0r.2010 31.12.2010 &hellip; Continued","og_url":"https:\/\/zeminvest.cz\/?page_id=91","og_site_name":"Zeminvest a.s.","twitter_card":"summary_large_image","schema":{"@context":"https:\/\/schema.org","@graph":[{"@type":"WebPage","@id":"https:\/\/zeminvest.cz\/?page_id=91","url":"https:\/\/zeminvest.cz\/?page_id=91","name":"Dokumenty - Zeminvest a.s.","isPartOf":{"@id":"https:\/\/zeminvest.cz\/#website"},"datePublished":"2014-06-12T13:21:55+00:00","breadcrumb":{"@id":"https:\/\/zeminvest.cz\/?page_id=91#breadcrumb"},"inLanguage":"cs","potentialAction":[{"@type":"ReadAction","target":["https:\/\/zeminvest.cz\/?page_id=91"]}]},{"@type":"BreadcrumbList","@id":"https:\/\/zeminvest.cz\/?page_id=91#breadcrumb","itemListElement":[{"@type":"ListItem","position":1,"name":"Dom\u016f","item":"https:\/\/zeminvest.cz\/"},{"@type":"ListItem","position":2,"name":"Dokumenty"}]},{"@type":"WebSite","@id":"https:\/\/zeminvest.cz\/#website","url":"https:\/\/zeminvest.cz\/","name":"Zeminvest a.s.","description":"","potentialAction":[{"@type":"SearchAction","target":{"@type":"EntryPoint","urlTemplate":"https:\/\/zeminvest.cz\/?s={search_term_string}"},"query-input":{"@type":"PropertyValueSpecification","valueRequired":true,"valueName":"search_term_string"}}],"inLanguage":"cs"}]}},"_links":{"self":[{"href":"https:\/\/zeminvest.cz\/index.php?rest_route=\/wp\/v2\/pages\/91","targetHints":{"allow":["GET"]}}],"collection":[{"href":"https:\/\/zeminvest.cz\/index.php?rest_route=\/wp\/v2\/pages"}],"about":[{"href":"https:\/\/zeminvest.cz\/index.php?rest_route=\/wp\/v2\/types\/page"}],"author":[{"embeddable":true,"href":"https:\/\/zeminvest.cz\/index.php?rest_route=\/wp\/v2\/users\/1"}],"replies":[{"embeddable":true,"href":"https:\/\/zeminvest.cz\/index.php?rest_route=%2Fwp%2Fv2%2Fcomments&post=91"}],"version-history":[{"count":0,"href":"https:\/\/zeminvest.cz\/index.php?rest_route=\/wp\/v2\/pages\/91\/revisions"}],"wp:attachment":[{"href":"https:\/\/zeminvest.cz\/index.php?rest_route=%2Fwp%2Fv2%2Fmedia&parent=91"}],"curies":[{"name":"wp","href":"https:\/\/api.w.org\/{rel}","templated":true}]}}